{"id":1788,"date":"2023-03-06T08:24:01","date_gmt":"2023-03-06T13:24:01","guid":{"rendered":"https:\/\/technoconseil.com\/secteurs-dintervention\/"},"modified":"2023-05-19T10:21:33","modified_gmt":"2023-05-19T14:21:33","slug":"areas-of-focus","status":"publish","type":"page","link":"https:\/\/technoconseil.com\/en\/areas-of-focus\/","title":{"rendered":"Areas of focus"},"content":{"rendered":"\n<div class=\"wp-block-cover alignfull has-00192f-background-color --object-fit-fill\" style=\"padding-bottom:var(--wp--preset--spacing--70)\"><span aria-hidden=\"true\" class=\"wp-block-cover__background has-background-dim-0 has-background-dim\"><\/span><img loading=\"lazy\" decoding=\"async\" width=\"2560\" height=\"1013\" class=\"wp-block-cover__image-background wp-image-1686\" alt=\"\" src=\"https:\/\/technoconseil.com\/app\/uploads\/2023\/04\/Secteurs_bg_2560x1013.jpg\" style=\"object-position:50% 50%\" data-object-fit=\"cover\" data-object-position=\"50% 50%\" srcset=\"https:\/\/technoconseil.com\/app\/uploads\/2023\/04\/Secteurs_bg_2560x1013.jpg 2560w, https:\/\/technoconseil.com\/app\/uploads\/2023\/04\/Secteurs_bg_2560x1013-300x119.jpg 300w, https:\/\/technoconseil.com\/app\/uploads\/2023\/04\/Secteurs_bg_2560x1013-1024x405.jpg 1024w, https:\/\/technoconseil.com\/app\/uploads\/2023\/04\/Secteurs_bg_2560x1013-768x304.jpg 768w, https:\/\/technoconseil.com\/app\/uploads\/2023\/04\/Secteurs_bg_2560x1013-1536x608.jpg 1536w, https:\/\/technoconseil.com\/app\/uploads\/2023\/04\/Secteurs_bg_2560x1013-2048x810.jpg 2048w\" sizes=\"auto, (max-width: 2560px) 100vw, 2560px\" \/><div class=\"wp-block-cover__inner-container is-layout-flow wp-block-cover-is-layout-flow\">\n<div style=\"height:80px\" aria-hidden=\"true\" class=\"wp-block-spacer is-style-hidden-sm\"><\/div>\n\n\n\n<div class=\"wp-block-media-text alignwide has-media-on-the-right is-stacked-on-mobile is-vertically-aligned-top media-mobile-full\" style=\"grid-template-columns:auto 58%\"><div class=\"wp-block-media-text__content\">\n<div class=\"wp-block-group is-content-justification-left is-layout-constrained wp-container-core-group-is-layout-81b73f1a wp-block-group-is-layout-constrained\">\n<h1 class=\"wp-block-heading has-e-8-e-8-e-8-color has-text-color has-35-font-size\" style=\"text-transform:uppercase\">AREAS OF FOCUS<\/h1>\n\n\n\n<p class=\"has-89-c-1-d-9-color has-text-color has-22-font-size\" style=\"font-style:normal;font-weight:500\">We have a diversified, loyal client base that includes many major organizations.<\/p>\n\n\n\n<p class=\"has-e-8-e-8-e-8-color has-text-color has-18-font-size\">These diverse clients all have one key thing in common: the need for IT expertise. IT plays a major role in our clients\u2019 development strategy, so in order to succeed, they need reliable systems in place.<\/p>\n\n\n\n<p class=\"has-e-8-e-8-e-8-color has-text-color has-18-font-size\">TechnoConseil has gained market recognition by ensuring unique, personalized client services.<\/p>\n\n\n\n<div style=\"height:20px\" aria-hidden=\"true\" class=\"wp-block-spacer\"><\/div>\n\n\n\n<div class=\"wp-block-buttons is-layout-flex wp-block-buttons-is-layout-flex\">\n<div class=\"wp-block-button\"><a class=\"wp-block-button__link has-003-c-69-color has-89-c-1-d-9-background-color has-text-color has-background wp-element-button\" href=\"https:\/\/technoconseil.com\/en\/services\/\">Our services<\/a><\/div>\n<\/div>\n\n\n\n<div style=\"height:20px\" aria-hidden=\"true\" class=\"wp-block-spacer\"><\/div>\n<\/div>\n<\/div><figure class=\"wp-block-media-text__media\"><img loading=\"lazy\" decoding=\"async\" width=\"950\" height=\"528\" src=\"https:\/\/technoconseil.com\/app\/uploads\/2023\/03\/secteurs-dintervention-header-1.jpg\" alt=\"\" class=\"wp-image-1339 size-full\" srcset=\"https:\/\/technoconseil.com\/app\/uploads\/2023\/03\/secteurs-dintervention-header-1.jpg 950w, https:\/\/technoconseil.com\/app\/uploads\/2023\/03\/secteurs-dintervention-header-1-300x167.jpg 300w, https:\/\/technoconseil.com\/app\/uploads\/2023\/03\/secteurs-dintervention-header-1-768x427.jpg 768w\" sizes=\"auto, (max-width: 950px) 100vw, 950px\" \/><\/figure><\/div>\n\n\n\n<div style=\"height:100px\" aria-hidden=\"true\" class=\"wp-block-spacer is-style-hidden-sm\"><\/div>\n\n\n\n<div class=\"wp-block-group is-layout-constrained wp-block-group-is-layout-constrained\">\n<div class=\"wp-block-columns has-6-columns is-style-gap is-layout-flex wp-container-core-columns-is-layout-9d6595d7 wp-block-columns-is-layout-flex\">\n<div class=\"wp-block-column is-layout-flow wp-block-column-is-layout-flow\" data-aos=\"fade\" data-aos-delay=\"100\" data-aos-duration=\"2000\" data-aos-once=\"true\">\n<p class=\"mb-0 has-89-c-1-d-9-color has-text-color has-obvia-font-family has-18-font-size\">01<\/p>\n\n\n\n<hr class=\"wp-block-separator has-text-color has-96-c-0-d-6-color has-alpha-channel-opacity has-96-c-0-d-6-background-color has-background is-style-wide\"\/>\n\n\n\n<div class=\"wp-block-group is-content-justification-left is-layout-constrained wp-container-core-group-is-layout-c3e45ac3 wp-block-group-is-layout-constrained\">\n<h3 class=\"wp-block-heading has-e-8-e-8-e-8-color has-text-color has-heebo-font-family has-22-font-size\" style=\"font-style:normal;font-weight:500\">Government departments<\/h3>\n<\/div>\n\n\n\n<div style=\"height:30px\" aria-hidden=\"true\" class=\"wp-block-spacer is-style-hidden-xl\"><\/div>\n<\/div>\n\n\n\n<div class=\"wp-block-column is-layout-flow wp-block-column-is-layout-flow\" data-aos=\"fade\" data-aos-delay=\"500\" data-aos-duration=\"2000\" data-aos-once=\"true\">\n<p class=\"mb-0 has-89-c-1-d-9-color has-text-color has-obvia-font-family has-18-font-size\">02<\/p>\n\n\n\n<hr class=\"wp-block-separator has-text-color has-96-c-0-d-6-color has-alpha-channel-opacity has-96-c-0-d-6-background-color has-background is-style-wide\"\/>\n\n\n\n<div class=\"wp-block-group is-content-justification-left is-layout-constrained wp-container-core-group-is-layout-c3e45ac3 wp-block-group-is-layout-constrained\">\n<h3 class=\"wp-block-heading has-e-8-e-8-e-8-color has-text-color has-heebo-font-family has-22-font-size\" style=\"font-style:normal;font-weight:500\">Public and semi-public organizations<\/h3>\n<\/div>\n\n\n\n<div style=\"height:30px\" aria-hidden=\"true\" class=\"wp-block-spacer is-style-hidden-xl\"><\/div>\n<\/div>\n\n\n\n<div class=\"wp-block-column is-layout-flow wp-block-column-is-layout-flow\" data-aos=\"fade\" data-aos-delay=\"1000\" data-aos-duration=\"2000\" data-aos-once=\"true\">\n<p class=\"mb-0 has-89-c-1-d-9-color has-text-color has-obvia-font-family has-18-font-size\">03<\/p>\n\n\n\n<hr class=\"wp-block-separator has-text-color has-96-c-0-d-6-color has-alpha-channel-opacity has-96-c-0-d-6-background-color has-background is-style-wide\"\/>\n\n\n\n<div class=\"wp-block-group is-content-justification-left is-layout-constrained wp-container-core-group-is-layout-c3e45ac3 wp-block-group-is-layout-constrained\">\n<h3 class=\"wp-block-heading has-e-8-e-8-e-8-color has-text-color has-heebo-font-family has-22-font-size\" style=\"font-style:normal;font-weight:500\">Insurance companies<\/h3>\n<\/div>\n\n\n\n<div style=\"height:30px\" aria-hidden=\"true\" class=\"wp-block-spacer is-style-hidden-xl\"><\/div>\n<\/div>\n\n\n\n<div class=\"wp-block-column is-layout-flow wp-block-column-is-layout-flow\" data-aos=\"fade\" data-aos-delay=\"1500\" data-aos-duration=\"2000\" data-aos-once=\"true\">\n<p class=\"mb-0 has-89-c-1-d-9-color has-text-color has-obvia-font-family has-18-font-size\">04<\/p>\n\n\n\n<hr class=\"wp-block-separator has-text-color has-96-c-0-d-6-color has-alpha-channel-opacity has-96-c-0-d-6-background-color has-background is-style-wide\"\/>\n\n\n\n<div class=\"wp-block-group is-content-justification-left is-layout-constrained wp-container-core-group-is-layout-c3e45ac3 wp-block-group-is-layout-constrained\">\n<h3 class=\"wp-block-heading has-e-8-e-8-e-8-color has-text-color has-heebo-font-family has-22-font-size\" style=\"font-style:normal;font-weight:500\">Medium- and large-size businesses<\/h3>\n<\/div>\n\n\n\n<div style=\"height:30px\" aria-hidden=\"true\" class=\"wp-block-spacer is-style-hidden-xl\"><\/div>\n<\/div>\n\n\n\n<div class=\"wp-block-column is-layout-flow wp-block-column-is-layout-flow\" data-aos=\"fade\" data-aos-delay=\"2000\" data-aos-duration=\"2000\" data-aos-once=\"true\">\n<p class=\"mb-0 has-89-c-1-d-9-color has-text-color has-obvia-font-family has-18-font-size\">05<\/p>\n\n\n\n<hr class=\"wp-block-separator has-text-color has-96-c-0-d-6-color has-alpha-channel-opacity has-96-c-0-d-6-background-color has-background is-style-wide\"\/>\n\n\n\n<div class=\"wp-block-group is-content-justification-left is-layout-constrained wp-container-core-group-is-layout-c3e45ac3 wp-block-group-is-layout-constrained\">\n<h3 class=\"wp-block-heading has-e-8-e-8-e-8-color has-text-color has-heebo-font-family has-22-font-size\" style=\"font-style:normal;font-weight:500\">Manufacturers \/ industrial companies<\/h3>\n<\/div>\n<\/div>\n\n\n\n<div class=\"wp-block-column is-layout-flow wp-block-column-is-layout-flow\" data-aos=\"fade\" data-aos-delay=\"2500\" data-aos-duration=\"2000\" data-aos-once=\"true\"><\/div>\n<\/div>\n<\/div>\n\n\n\n<div style=\"height:30px\" aria-hidden=\"true\" class=\"wp-block-spacer is-style-hidden-xl\"><\/div>\n\n\n\n<div style=\"height:30px\" aria-hidden=\"true\" class=\"wp-block-spacer is-style-default\"><\/div>\n<\/div><\/div>\n\n\n\n<div class=\"wp-block-cover alignfull has-070-c-26-background-color\" style=\"padding-top:var(--wp--preset--spacing--70);padding-bottom:var(--wp--preset--spacing--60)\"><span aria-hidden=\"true\" class=\"wp-block-cover__background has-background-dim-0 has-background-dim\"><\/span><img loading=\"lazy\" decoding=\"async\" width=\"1920\" height=\"743\" class=\"wp-block-cover__image-background wp-image-203\" alt=\"\" src=\"https:\/\/technoconseil.com\/app\/uploads\/2023\/03\/gradient-footer.png\" style=\"object-position:48% 100%\" data-object-fit=\"cover\" data-object-position=\"48% 100%\" srcset=\"https:\/\/technoconseil.com\/app\/uploads\/2023\/03\/gradient-footer.png 1920w, https:\/\/technoconseil.com\/app\/uploads\/2023\/03\/gradient-footer-300x116.png 300w, https:\/\/technoconseil.com\/app\/uploads\/2023\/03\/gradient-footer-1024x396.png 1024w, https:\/\/technoconseil.com\/app\/uploads\/2023\/03\/gradient-footer-768x297.png 768w, https:\/\/technoconseil.com\/app\/uploads\/2023\/03\/gradient-footer-1536x594.png 1536w\" sizes=\"auto, (max-width: 1920px) 100vw, 1920px\" \/><div class=\"wp-block-cover__inner-container is-layout-flow wp-block-cover-is-layout-flow\">\n<div style=\"height:30px\" aria-hidden=\"true\" class=\"wp-block-spacer is-style-hidden-sm\"><\/div>\n\n\n\n<div class=\"wp-block-group alignwide is-layout-constrained wp-container-core-group-is-layout-d4b7938f wp-block-group-is-layout-constrained\">\n<div class=\"wp-block-columns has-3-columns is-style-gap is-layout-flex wp-container-core-columns-is-layout-9d6595d7 wp-block-columns-is-layout-flex\">\n<div class=\"wp-block-column is-layout-flow wp-block-column-is-layout-flow\">\n<h2 class=\"wp-block-heading has-96-c-0-d-6-color has-text-color\" style=\"text-transform:uppercase\">CAREERS<\/h2>\n\n\n\n<div style=\"height:15px\" aria-hidden=\"true\" class=\"wp-block-spacer\"><\/div>\n\n\n\n<p class=\"has-obvia-font-family has-40-font-size\" style=\"text-transform:uppercase\">JOIN THE TEAM<\/p>\n\n\n\n<div class=\"wp-block-group is-content-justification-left is-layout-constrained wp-container-core-group-is-layout-833cbcbf wp-block-group-is-layout-constrained\">\n<p class=\"has-e-8-e-8-e-8-color has-text-color has-18-font-size\">TechnoConseil is always on the lookout for qualified candidates eager to take on new challenges.<\/p>\n<\/div>\n\n\n\n<div class=\"wp-block-buttons is-layout-flex wp-block-buttons-is-layout-flex\">\n<div class=\"wp-block-button\"><a class=\"wp-block-button__link has-070-c-26-color has-e-8-e-8-e-8-background-color has-text-color has-background wp-element-button\" href=\"https:\/\/technoconseil.com\/en\/careers\/\">Learn more<\/a><\/div>\n<\/div>\n\n\n\n<div style=\"height:30px\" aria-hidden=\"true\" class=\"wp-block-spacer is-style-hidden-xl\"><\/div>\n<\/div>\n\n\n\n<div class=\"wp-block-column is-layout-flow wp-block-column-is-layout-flow\">\n<h3 class=\"wp-block-heading has-96-c-0-d-6-color has-text-color has-24-font-size\" style=\"text-transform:uppercase\">OUR JOB OPENINGS AT A GLANCE<\/h3>\n\n\n<div class=\"wp-block-joblist mb-10\">\n    <ul class=\"list-none\">\n        <li class=\"list-group-item\"><a href=\"https:\/\/technoconseil.com\/recrutement\/#job-1794\" class=\"text-18 font-medium border-b border-white py-5 block lg:hover:text-96c0d6 lg:hover:pl-4 lg:duration-700 lg:transition-all\">Computer Analyst<\/a><\/li>\n        <li class=\"list-group-item\"><a href=\"https:\/\/technoconseil.com\/recrutement\/#job-1793\" class=\"text-18 font-medium border-b border-white py-5 block lg:hover:text-96c0d6 lg:hover:pl-4 lg:duration-700 lg:transition-all\">Computer Technician<\/a><\/li>\n        <li class=\"list-group-item\"><a href=\"https:\/\/technoconseil.com\/recrutement\/#job-1792\" class=\"text-18 font-medium border-b border-white py-5 block lg:hover:text-96c0d6 lg:hover:pl-4 lg:duration-700 lg:transition-all\">Network Administrator<\/a><\/li>\n        <li class=\"list-group-item\"><a href=\"https:\/\/technoconseil.com\/recrutement\/#job-1799\" class=\"text-18 font-medium border-b border-white py-5 block lg:hover:text-96c0d6 lg:hover:pl-4 lg:duration-700 lg:transition-all\">Project Manager<\/a><\/li>\n        <li class=\"list-group-item\"><a href=\"https:\/\/technoconseil.com\/recrutement\/#job-1796\" class=\"text-18 font-medium border-b border-white py-5 block lg:hover:text-96c0d6 lg:hover:pl-4 lg:duration-700 lg:transition-all\">Technology Architecture Consultant<\/a><\/li>\n      <\/ul>\n  <\/div>\n\n\n<div class=\"wp-block-buttons is-layout-flex wp-block-buttons-is-layout-flex\">\n<div class=\"wp-block-button\"><a class=\"wp-block-button__link has-070-c-26-color has-e-8-e-8-e-8-background-color has-text-color has-background wp-element-button\" href=\"https:\/\/technoconseil.com\/en\/careers\/#job-openings\">Take a look at our job openings<\/a><\/div>\n<\/div>\n\n\n\n<div style=\"height:30px\" aria-hidden=\"true\" class=\"wp-block-spacer is-style-hidden-xl\"><\/div>\n<\/div>\n\n\n\n<div class=\"wp-block-column is-layout-flow wp-block-column-is-layout-flow\">\n<figure class=\"wp-block-image alignright size-full is-resized\"><img loading=\"lazy\" decoding=\"async\" src=\"https:\/\/technoconseil.com\/app\/uploads\/2023\/03\/Helene.png\" alt=\"\" class=\"wp-image-1402\" width=\"430\" height=\"478\" srcset=\"https:\/\/technoconseil.com\/app\/uploads\/2023\/03\/Helene.png 900w, https:\/\/technoconseil.com\/app\/uploads\/2023\/03\/Helene-270x300.png 270w, https:\/\/technoconseil.com\/app\/uploads\/2023\/03\/Helene-768x853.png 768w\" sizes=\"auto, (max-width: 430px) 100vw, 430px\" \/><\/figure>\n<\/div>\n<\/div>\n<\/div>\n<\/div><\/div>\n","protected":false},"excerpt":{"rendered":"<p>La diversit\u00e9 de nos clients r\u00e9v\u00e8le un \u00e9l\u00e9ment-cl\u00e9 : l\u2019expertise des technologies de l\u2019information. Les T.I. sont au coeur de leur strat\u00e9gie de d\u00e9veloppement et la fiabilit\u00e9 de leurs syst\u00e8mes est une condition essentielle \u00e0 l\u2019atteinte de leurs objectifs.<\/p>\n","protected":false},"author":1,"featured_media":0,"parent":0,"menu_order":0,"comment_status":"closed","ping_status":"closed","template":"","meta":{"_acf_changed":false,"footnotes":""},"class_list":["post-1788","page","type-page","status-publish","hentry"],"acf":[],"yoast_head":"<!-- This site is optimized with the Yoast SEO plugin v26.6 - https:\/\/yoast.com\/wordpress\/plugins\/seo\/ -->\n<title>Areas of focus - TechnoConseil<\/title>\n<meta name=\"description\" content=\"Pr\u00e9sents \u00e0 Qu\u00e9bec, \u00e0 Montr\u00e9al et en r\u00e9gion au service d\u2019organisations de toutes envergures dans tous les grands secteurs d\u2019activit\u00e9 \u00e9conomique, au public comme au priv\u00e9.\" \/>\n<meta name=\"robots\" content=\"index, follow, max-snippet:-1, max-image-preview:large, max-video-preview:-1\" \/>\n<link rel=\"canonical\" href=\"https:\/\/technoconseil.com\/en\/areas-of-focus\/\" \/>\n<meta property=\"og:locale\" content=\"en_US\" \/>\n<meta property=\"og:type\" content=\"article\" \/>\n<meta property=\"og:title\" content=\"Areas of focus - TechnoConseil\" \/>\n<meta property=\"og:description\" content=\"Pr\u00e9sents \u00e0 Qu\u00e9bec, \u00e0 Montr\u00e9al et en r\u00e9gion au service d\u2019organisations de toutes envergures dans tous les grands secteurs d\u2019activit\u00e9 \u00e9conomique, au public comme au priv\u00e9.\" \/>\n<meta property=\"og:url\" content=\"https:\/\/technoconseil.com\/en\/areas-of-focus\/\" \/>\n<meta property=\"og:site_name\" content=\"TechnoConseil\" \/>\n<meta property=\"article:publisher\" content=\"https:\/\/www.facebook.com\/technoconseil\" \/>\n<meta property=\"article:modified_time\" content=\"2023-05-19T14:21:33+00:00\" \/>\n<meta property=\"og:image\" content=\"https:\/\/technoconseil.com\/app\/uploads\/2023\/04\/Secteurs_bg_2560x1013.jpg\" \/>\n<meta name=\"twitter:card\" content=\"summary_large_image\" \/>\n<meta name=\"twitter:label1\" content=\"Est. reading time\" \/>\n\t<meta name=\"twitter:data1\" content=\"2 minutes\" \/>\n<script type=\"application\/ld+json\" class=\"yoast-schema-graph\">{\"@context\":\"https:\/\/schema.org\",\"@graph\":[{\"@type\":\"WebPage\",\"@id\":\"https:\/\/technoconseil.com\/en\/areas-of-focus\/\",\"url\":\"https:\/\/technoconseil.com\/en\/areas-of-focus\/\",\"name\":\"Areas of focus - TechnoConseil\",\"isPartOf\":{\"@id\":\"https:\/\/technoconseil.com\/en\/#website\"},\"primaryImageOfPage\":{\"@id\":\"https:\/\/technoconseil.com\/en\/areas-of-focus\/#primaryimage\"},\"image\":{\"@id\":\"https:\/\/technoconseil.com\/en\/areas-of-focus\/#primaryimage\"},\"thumbnailUrl\":\"https:\/\/technoconseil.com\/app\/uploads\/2023\/04\/Secteurs_bg_2560x1013.jpg\",\"datePublished\":\"2023-03-06T13:24:01+00:00\",\"dateModified\":\"2023-05-19T14:21:33+00:00\",\"description\":\"Pr\u00e9sents \u00e0 Qu\u00e9bec, \u00e0 Montr\u00e9al et en r\u00e9gion au service d\u2019organisations de toutes envergures dans tous les grands secteurs d\u2019activit\u00e9 \u00e9conomique, au public comme au priv\u00e9.\",\"breadcrumb\":{\"@id\":\"https:\/\/technoconseil.com\/en\/areas-of-focus\/#breadcrumb\"},\"inLanguage\":\"en-US\",\"potentialAction\":[{\"@type\":\"ReadAction\",\"target\":[\"https:\/\/technoconseil.com\/en\/areas-of-focus\/\"]}]},{\"@type\":\"ImageObject\",\"inLanguage\":\"en-US\",\"@id\":\"https:\/\/technoconseil.com\/en\/areas-of-focus\/#primaryimage\",\"url\":\"https:\/\/technoconseil.com\/app\/uploads\/2023\/04\/Secteurs_bg_2560x1013.jpg\",\"contentUrl\":\"https:\/\/technoconseil.com\/app\/uploads\/2023\/04\/Secteurs_bg_2560x1013.jpg\"},{\"@type\":\"BreadcrumbList\",\"@id\":\"https:\/\/technoconseil.com\/en\/areas-of-focus\/#breadcrumb\",\"itemListElement\":[{\"@type\":\"ListItem\",\"position\":1,\"name\":\"Accueil\",\"item\":\"https:\/\/technoconseil.com\/en\/\"},{\"@type\":\"ListItem\",\"position\":2,\"name\":\"Areas of focus\"}]},{\"@type\":\"WebSite\",\"@id\":\"https:\/\/technoconseil.com\/en\/#website\",\"url\":\"https:\/\/technoconseil.com\/en\/\",\"name\":\"TechnoConseil\",\"description\":\"\",\"publisher\":{\"@id\":\"https:\/\/technoconseil.com\/en\/#organization\"},\"potentialAction\":[{\"@type\":\"SearchAction\",\"target\":{\"@type\":\"EntryPoint\",\"urlTemplate\":\"https:\/\/technoconseil.com\/en\/?s={search_term_string}\"},\"query-input\":{\"@type\":\"PropertyValueSpecification\",\"valueRequired\":true,\"valueName\":\"search_term_string\"}}],\"inLanguage\":\"en-US\"},{\"@type\":\"Organization\",\"@id\":\"https:\/\/technoconseil.com\/en\/#organization\",\"name\":\"TechnoConseil\",\"url\":\"https:\/\/technoconseil.com\/en\/\",\"logo\":{\"@type\":\"ImageObject\",\"inLanguage\":\"en-US\",\"@id\":\"https:\/\/technoconseil.com\/en\/#\/schema\/logo\/image\/\",\"url\":\"https:\/\/technoconseil.com\/app\/uploads\/2023\/03\/techno-conseil-logo.svg\",\"contentUrl\":\"https:\/\/technoconseil.com\/app\/uploads\/2023\/03\/techno-conseil-logo.svg\",\"width\":172,\"height\":60,\"caption\":\"TechnoConseil\"},\"image\":{\"@id\":\"https:\/\/technoconseil.com\/en\/#\/schema\/logo\/image\/\"},\"sameAs\":[\"https:\/\/www.facebook.com\/technoconseil\",\"https:\/\/www.linkedin.com\/company\/technoconseil\/\"]}]}<\/script>\n<!-- \/ Yoast SEO plugin. -->","yoast_head_json":{"title":"Areas of focus - TechnoConseil","description":"Pr\u00e9sents \u00e0 Qu\u00e9bec, \u00e0 Montr\u00e9al et en r\u00e9gion au service d\u2019organisations de toutes envergures dans tous les grands secteurs d\u2019activit\u00e9 \u00e9conomique, au public comme au priv\u00e9.","robots":{"index":"index","follow":"follow","max-snippet":"max-snippet:-1","max-image-preview":"max-image-preview:large","max-video-preview":"max-video-preview:-1"},"canonical":"https:\/\/technoconseil.com\/en\/areas-of-focus\/","og_locale":"en_US","og_type":"article","og_title":"Areas of focus - TechnoConseil","og_description":"Pr\u00e9sents \u00e0 Qu\u00e9bec, \u00e0 Montr\u00e9al et en r\u00e9gion au service d\u2019organisations de toutes envergures dans tous les grands secteurs d\u2019activit\u00e9 \u00e9conomique, au public comme au priv\u00e9.","og_url":"https:\/\/technoconseil.com\/en\/areas-of-focus\/","og_site_name":"TechnoConseil","article_publisher":"https:\/\/www.facebook.com\/technoconseil","article_modified_time":"2023-05-19T14:21:33+00:00","og_image":[{"url":"https:\/\/technoconseil.com\/app\/uploads\/2023\/04\/Secteurs_bg_2560x1013.jpg","type":"","width":"","height":""}],"twitter_card":"summary_large_image","twitter_misc":{"Est. reading time":"2 minutes"},"schema":{"@context":"https:\/\/schema.org","@graph":[{"@type":"WebPage","@id":"https:\/\/technoconseil.com\/en\/areas-of-focus\/","url":"https:\/\/technoconseil.com\/en\/areas-of-focus\/","name":"Areas of focus - TechnoConseil","isPartOf":{"@id":"https:\/\/technoconseil.com\/en\/#website"},"primaryImageOfPage":{"@id":"https:\/\/technoconseil.com\/en\/areas-of-focus\/#primaryimage"},"image":{"@id":"https:\/\/technoconseil.com\/en\/areas-of-focus\/#primaryimage"},"thumbnailUrl":"https:\/\/technoconseil.com\/app\/uploads\/2023\/04\/Secteurs_bg_2560x1013.jpg","datePublished":"2023-03-06T13:24:01+00:00","dateModified":"2023-05-19T14:21:33+00:00","description":"Pr\u00e9sents \u00e0 Qu\u00e9bec, \u00e0 Montr\u00e9al et en r\u00e9gion au service d\u2019organisations de toutes envergures dans tous les grands secteurs d\u2019activit\u00e9 \u00e9conomique, au public comme au priv\u00e9.","breadcrumb":{"@id":"https:\/\/technoconseil.com\/en\/areas-of-focus\/#breadcrumb"},"inLanguage":"en-US","potentialAction":[{"@type":"ReadAction","target":["https:\/\/technoconseil.com\/en\/areas-of-focus\/"]}]},{"@type":"ImageObject","inLanguage":"en-US","@id":"https:\/\/technoconseil.com\/en\/areas-of-focus\/#primaryimage","url":"https:\/\/technoconseil.com\/app\/uploads\/2023\/04\/Secteurs_bg_2560x1013.jpg","contentUrl":"https:\/\/technoconseil.com\/app\/uploads\/2023\/04\/Secteurs_bg_2560x1013.jpg"},{"@type":"BreadcrumbList","@id":"https:\/\/technoconseil.com\/en\/areas-of-focus\/#breadcrumb","itemListElement":[{"@type":"ListItem","position":1,"name":"Accueil","item":"https:\/\/technoconseil.com\/en\/"},{"@type":"ListItem","position":2,"name":"Areas of focus"}]},{"@type":"WebSite","@id":"https:\/\/technoconseil.com\/en\/#website","url":"https:\/\/technoconseil.com\/en\/","name":"TechnoConseil","description":"","publisher":{"@id":"https:\/\/technoconseil.com\/en\/#organization"},"potentialAction":[{"@type":"SearchAction","target":{"@type":"EntryPoint","urlTemplate":"https:\/\/technoconseil.com\/en\/?s={search_term_string}"},"query-input":{"@type":"PropertyValueSpecification","valueRequired":true,"valueName":"search_term_string"}}],"inLanguage":"en-US"},{"@type":"Organization","@id":"https:\/\/technoconseil.com\/en\/#organization","name":"TechnoConseil","url":"https:\/\/technoconseil.com\/en\/","logo":{"@type":"ImageObject","inLanguage":"en-US","@id":"https:\/\/technoconseil.com\/en\/#\/schema\/logo\/image\/","url":"https:\/\/technoconseil.com\/app\/uploads\/2023\/03\/techno-conseil-logo.svg","contentUrl":"https:\/\/technoconseil.com\/app\/uploads\/2023\/03\/techno-conseil-logo.svg","width":172,"height":60,"caption":"TechnoConseil"},"image":{"@id":"https:\/\/technoconseil.com\/en\/#\/schema\/logo\/image\/"},"sameAs":["https:\/\/www.facebook.com\/technoconseil","https:\/\/www.linkedin.com\/company\/technoconseil\/"]}]}},"_links":{"self":[{"href":"https:\/\/technoconseil.com\/en\/wp-json\/wp\/v2\/pages\/1788","targetHints":{"allow":["GET"]}}],"collection":[{"href":"https:\/\/technoconseil.com\/en\/wp-json\/wp\/v2\/pages"}],"about":[{"href":"https:\/\/technoconseil.com\/en\/wp-json\/wp\/v2\/types\/page"}],"author":[{"embeddable":true,"href":"https:\/\/technoconseil.com\/en\/wp-json\/wp\/v2\/users\/1"}],"replies":[{"embeddable":true,"href":"https:\/\/technoconseil.com\/en\/wp-json\/wp\/v2\/comments?post=1788"}],"version-history":[{"count":3,"href":"https:\/\/technoconseil.com\/en\/wp-json\/wp\/v2\/pages\/1788\/revisions"}],"predecessor-version":[{"id":1853,"href":"https:\/\/technoconseil.com\/en\/wp-json\/wp\/v2\/pages\/1788\/revisions\/1853"}],"wp:attachment":[{"href":"https:\/\/technoconseil.com\/en\/wp-json\/wp\/v2\/media?parent=1788"}],"curies":[{"name":"wp","href":"https:\/\/api.w.org\/{rel}","templated":true}]}}