{"id":1783,"date":"2023-03-07T13:35:45","date_gmt":"2023-03-07T18:35:45","guid":{"rendered":"https:\/\/technoconseil.com\/contact\/"},"modified":"2024-06-12T13:32:09","modified_gmt":"2024-06-12T17:32:09","slug":"contact","status":"publish","type":"page","link":"https:\/\/technoconseil.com\/en\/contact\/","title":{"rendered":"Contact"},"content":{"rendered":"\n<div class=\"wp-block-group alignfull is-layout-constrained wp-block-group-is-layout-constrained\" style=\"padding-bottom:var(--wp--preset--spacing--70)\">\n<div style=\"height:80px\" aria-hidden=\"true\" class=\"wp-block-spacer is-style-hidden-sm\"><\/div>\n\n\n\n<div class=\"wp-block-media-text alignwide has-media-on-the-right is-stacked-on-mobile is-vertically-aligned-top media-mobile-full\"><div class=\"wp-block-media-text__content\">\n<h1 class=\"wp-block-heading has-003-c-69-color has-text-color has-35-font-size\" style=\"text-transform:uppercase\">Contact us<\/h1>\n\n\n\n<div style=\"height:10px\" aria-hidden=\"true\" class=\"wp-block-spacer is-style-hidden-sm\"><\/div>\n\n\n\n<div class=\"wp-block-contact-form-7-contact-form-selector\">\n<div class=\"wpcf7 no-js\" id=\"wpcf7-f1844-o1\" lang=\"fr-CA\" dir=\"ltr\" data-wpcf7-id=\"1844\">\n<div class=\"screen-reader-response\"><p role=\"status\" aria-live=\"polite\" aria-atomic=\"true\"><\/p> <ul><\/ul><\/div>\n<form action=\"\/en\/wp-json\/wp\/v2\/pages\/1783#wpcf7-f1844-o1\" method=\"post\" class=\"wpcf7-form init light-mode\" aria-label=\"Contact form\" novalidate=\"novalidate\" data-status=\"init\">\n<fieldset class=\"hidden-fields-container\"><input type=\"hidden\" name=\"_wpcf7\" value=\"1844\" \/><input type=\"hidden\" name=\"_wpcf7_version\" value=\"6.1.4\" \/><input type=\"hidden\" name=\"_wpcf7_locale\" value=\"fr_CA\" \/><input type=\"hidden\" name=\"_wpcf7_unit_tag\" value=\"wpcf7-f1844-o1\" \/><input type=\"hidden\" name=\"_wpcf7_container_post\" value=\"0\" \/><input type=\"hidden\" name=\"_wpcf7_posted_data_hash\" value=\"\" \/>\n<\/fieldset>\n<p><label> First and last name<br \/>\n<span class=\"wpcf7-form-control-wrap\" data-name=\"field-name\"><input size=\"40\" maxlength=\"400\" class=\"wpcf7-form-control wpcf7-text wpcf7-validates-as-required\" autocomplete=\"name\" aria-required=\"true\" aria-invalid=\"false\" value=\"\" type=\"text\" name=\"field-name\" \/><\/span> <\/label>\n<\/p>\n<p><label> Email<br \/>\n<span class=\"wpcf7-form-control-wrap\" data-name=\"field-email\"><input size=\"40\" maxlength=\"400\" class=\"wpcf7-form-control wpcf7-email wpcf7-validates-as-required wpcf7-text wpcf7-validates-as-email\" autocomplete=\"email\" aria-required=\"true\" aria-invalid=\"false\" value=\"\" type=\"email\" name=\"field-email\" \/><\/span> <\/label>\n<\/p>\n<p><label> Message<br \/>\n<span class=\"wpcf7-form-control-wrap\" data-name=\"field-message\"><textarea cols=\"40\" rows=\"10\" maxlength=\"2000\" class=\"wpcf7-form-control wpcf7-textarea wpcf7-validates-as-required\" aria-required=\"true\" aria-invalid=\"false\" name=\"field-message\"><\/textarea><\/span> <\/label>\n<\/p>\n<p><input class=\"wpcf7-form-control wpcf7-submit has-spinner\" type=\"submit\" value=\"Send\" \/>\n<\/p><div class=\"wpcf7-response-output\" aria-hidden=\"true\"><\/div>\n<\/form>\n<\/div>\n<\/div>\n<\/div><figure class=\"wp-block-media-text__media\"><img loading=\"lazy\" decoding=\"async\" width=\"672\" height=\"509\" src=\"https:\/\/technoconseil.com\/app\/uploads\/2023\/03\/recrutement-avantages-image-2.jpg\" alt=\"\" class=\"wp-image-1334 size-full\" srcset=\"https:\/\/technoconseil.com\/app\/uploads\/2023\/03\/recrutement-avantages-image-2.jpg 672w, https:\/\/technoconseil.com\/app\/uploads\/2023\/03\/recrutement-avantages-image-2-300x227.jpg 300w\" sizes=\"auto, (max-width: 672px) 100vw, 672px\" \/><\/figure><\/div>\n<\/div>\n\n\n\n<div class=\"wp-block-cover alignfull has-070-c-26-background-color\" style=\"padding-top:var(--wp--preset--spacing--70);padding-bottom:var(--wp--preset--spacing--70)\"><span aria-hidden=\"true\" class=\"wp-block-cover__background has-background-dim-0 has-background-dim\"><\/span><img loading=\"lazy\" decoding=\"async\" width=\"1918\" height=\"899\" class=\"wp-block-cover__image-background wp-image-735\" alt=\"\" src=\"https:\/\/technoconseil.com\/app\/uploads\/2023\/03\/contact-footer.jpg\" data-object-fit=\"cover\" srcset=\"https:\/\/technoconseil.com\/app\/uploads\/2023\/03\/contact-footer.jpg 1918w, https:\/\/technoconseil.com\/app\/uploads\/2023\/03\/contact-footer-300x141.jpg 300w, https:\/\/technoconseil.com\/app\/uploads\/2023\/03\/contact-footer-1024x480.jpg 1024w, https:\/\/technoconseil.com\/app\/uploads\/2023\/03\/contact-footer-768x360.jpg 768w, https:\/\/technoconseil.com\/app\/uploads\/2023\/03\/contact-footer-1536x720.jpg 1536w\" sizes=\"auto, (max-width: 1918px) 100vw, 1918px\" \/><div class=\"wp-block-cover__inner-container is-layout-flow wp-block-cover-is-layout-flow\">\n<div class=\"wp-block-group is-layout-constrained wp-block-group-is-layout-constrained\">\n<div class=\"wp-block-columns has-1-columns is-style-card is-layout-flex wp-container-core-columns-is-layout-9d6595d7 wp-block-columns-is-layout-flex\">\n<div class=\"wp-block-column has-white-background-color has-background is-layout-flow wp-block-column-is-layout-flow\" data-aos=\"fade\" data-aos-duration=\"1500\" data-aos-once=\"true\">\n<figure class=\"wp-block-image size-full\"><img loading=\"lazy\" decoding=\"async\" width=\"482\" height=\"324\" src=\"https:\/\/technoconseil.com\/app\/uploads\/2023\/03\/techno-conseil-quebec.jpg\" alt=\"\" class=\"wp-image-1112\" srcset=\"https:\/\/technoconseil.com\/app\/uploads\/2023\/03\/techno-conseil-quebec.jpg 482w, https:\/\/technoconseil.com\/app\/uploads\/2023\/03\/techno-conseil-quebec-300x202.jpg 300w\" sizes=\"auto, (max-width: 482px) 100vw, 482px\" \/><\/figure>\n\n\n\n<h2 class=\"wp-block-heading has-003-c-69-color has-text-color has-30-font-size\" style=\"text-transform:uppercase\">Quebec<\/h2>\n\n\n\n<div style=\"height:20px\" aria-hidden=\"true\" class=\"wp-block-spacer\"><\/div>\n\n\n\n<p class=\"has-070-c-26-color has-text-color has-18-font-size\">1177, boulevard Charest Ouest<br>Bureau 100<br>Quebec (Quebec) G1N 2C9<\/p>\n\n\n\n<p class=\"has-070-c-26-color has-text-color has-18-font-size\"><code>T<\/code> (418) 687-9991<br><code>@<\/code> <a href=\"mailto:info@technoconseil.com\">info@technoconseil.com<\/a><\/p>\n<\/div>\n<\/div>\n<\/div>\n<\/div><\/div>\n\n\n\n<hr class=\"wp-block-separator has-text-color has-89-c-1-d-9-color has-alpha-channel-opacity has-89-c-1-d-9-background-color has-background is-style-wide mb-0 w-full\"\/>\n","protected":false},"excerpt":{"rendered":"<p>Contact us<\/p>\n","protected":false},"author":1,"featured_media":0,"parent":0,"menu_order":0,"comment_status":"closed","ping_status":"closed","template":"","meta":{"_acf_changed":false,"footnotes":""},"class_list":["post-1783","page","type-page","status-publish","hentry"],"acf":[],"yoast_head":"<!-- This site is optimized with the Yoast SEO plugin v26.6 - https:\/\/yoast.com\/wordpress\/plugins\/seo\/ -->\n<title>Contact - TechnoConseil<\/title>\n<meta name=\"description\" content=\"Contactez-nous, \u00e0 Qu\u00e9bec et \u00e0 Montr\u00e9al !\" \/>\n<meta name=\"robots\" content=\"index, follow, max-snippet:-1, max-image-preview:large, max-video-preview:-1\" \/>\n<link rel=\"canonical\" href=\"https:\/\/technoconseil.com\/en\/contact\/\" \/>\n<meta property=\"og:locale\" content=\"en_US\" \/>\n<meta property=\"og:type\" content=\"article\" \/>\n<meta property=\"og:title\" content=\"Contact - TechnoConseil\" \/>\n<meta property=\"og:description\" content=\"Contactez-nous, \u00e0 Qu\u00e9bec et \u00e0 Montr\u00e9al !\" \/>\n<meta property=\"og:url\" content=\"https:\/\/technoconseil.com\/en\/contact\/\" \/>\n<meta property=\"og:site_name\" content=\"TechnoConseil\" \/>\n<meta property=\"article:publisher\" content=\"https:\/\/www.facebook.com\/technoconseil\" \/>\n<meta property=\"article:modified_time\" content=\"2024-06-12T17:32:09+00:00\" \/>\n<meta property=\"og:image\" content=\"https:\/\/technoconseil.com\/app\/uploads\/2023\/03\/recrutement-avantages-image-2.jpg\" \/>\n<meta name=\"twitter:card\" content=\"summary_large_image\" \/>\n<meta name=\"twitter:label1\" content=\"Est. reading time\" \/>\n\t<meta name=\"twitter:data1\" content=\"1 minute\" \/>\n<script type=\"application\/ld+json\" class=\"yoast-schema-graph\">{\"@context\":\"https:\/\/schema.org\",\"@graph\":[{\"@type\":\"WebPage\",\"@id\":\"https:\/\/technoconseil.com\/en\/contact\/\",\"url\":\"https:\/\/technoconseil.com\/en\/contact\/\",\"name\":\"Contact - TechnoConseil\",\"isPartOf\":{\"@id\":\"https:\/\/technoconseil.com\/en\/#website\"},\"primaryImageOfPage\":{\"@id\":\"https:\/\/technoconseil.com\/en\/contact\/#primaryimage\"},\"image\":{\"@id\":\"https:\/\/technoconseil.com\/en\/contact\/#primaryimage\"},\"thumbnailUrl\":\"https:\/\/technoconseil.com\/app\/uploads\/2023\/03\/recrutement-avantages-image-2.jpg\",\"datePublished\":\"2023-03-07T18:35:45+00:00\",\"dateModified\":\"2024-06-12T17:32:09+00:00\",\"description\":\"Contactez-nous, \u00e0 Qu\u00e9bec et \u00e0 Montr\u00e9al !\",\"breadcrumb\":{\"@id\":\"https:\/\/technoconseil.com\/en\/contact\/#breadcrumb\"},\"inLanguage\":\"en-US\",\"potentialAction\":[{\"@type\":\"ReadAction\",\"target\":[\"https:\/\/technoconseil.com\/en\/contact\/\"]}]},{\"@type\":\"ImageObject\",\"inLanguage\":\"en-US\",\"@id\":\"https:\/\/technoconseil.com\/en\/contact\/#primaryimage\",\"url\":\"https:\/\/technoconseil.com\/app\/uploads\/2023\/03\/recrutement-avantages-image-2.jpg\",\"contentUrl\":\"https:\/\/technoconseil.com\/app\/uploads\/2023\/03\/recrutement-avantages-image-2.jpg\"},{\"@type\":\"BreadcrumbList\",\"@id\":\"https:\/\/technoconseil.com\/en\/contact\/#breadcrumb\",\"itemListElement\":[{\"@type\":\"ListItem\",\"position\":1,\"name\":\"Accueil\",\"item\":\"https:\/\/technoconseil.com\/en\/\"},{\"@type\":\"ListItem\",\"position\":2,\"name\":\"Contact\"}]},{\"@type\":\"WebSite\",\"@id\":\"https:\/\/technoconseil.com\/en\/#website\",\"url\":\"https:\/\/technoconseil.com\/en\/\",\"name\":\"TechnoConseil\",\"description\":\"\",\"publisher\":{\"@id\":\"https:\/\/technoconseil.com\/en\/#organization\"},\"potentialAction\":[{\"@type\":\"SearchAction\",\"target\":{\"@type\":\"EntryPoint\",\"urlTemplate\":\"https:\/\/technoconseil.com\/en\/?s={search_term_string}\"},\"query-input\":{\"@type\":\"PropertyValueSpecification\",\"valueRequired\":true,\"valueName\":\"search_term_string\"}}],\"inLanguage\":\"en-US\"},{\"@type\":\"Organization\",\"@id\":\"https:\/\/technoconseil.com\/en\/#organization\",\"name\":\"TechnoConseil\",\"url\":\"https:\/\/technoconseil.com\/en\/\",\"logo\":{\"@type\":\"ImageObject\",\"inLanguage\":\"en-US\",\"@id\":\"https:\/\/technoconseil.com\/en\/#\/schema\/logo\/image\/\",\"url\":\"https:\/\/technoconseil.com\/app\/uploads\/2023\/03\/techno-conseil-logo.svg\",\"contentUrl\":\"https:\/\/technoconseil.com\/app\/uploads\/2023\/03\/techno-conseil-logo.svg\",\"width\":172,\"height\":60,\"caption\":\"TechnoConseil\"},\"image\":{\"@id\":\"https:\/\/technoconseil.com\/en\/#\/schema\/logo\/image\/\"},\"sameAs\":[\"https:\/\/www.facebook.com\/technoconseil\",\"https:\/\/www.linkedin.com\/company\/technoconseil\/\"]}]}<\/script>\n<!-- \/ Yoast SEO plugin. -->","yoast_head_json":{"title":"Contact - TechnoConseil","description":"Contactez-nous, \u00e0 Qu\u00e9bec et \u00e0 Montr\u00e9al !","robots":{"index":"index","follow":"follow","max-snippet":"max-snippet:-1","max-image-preview":"max-image-preview:large","max-video-preview":"max-video-preview:-1"},"canonical":"https:\/\/technoconseil.com\/en\/contact\/","og_locale":"en_US","og_type":"article","og_title":"Contact - TechnoConseil","og_description":"Contactez-nous, \u00e0 Qu\u00e9bec et \u00e0 Montr\u00e9al !","og_url":"https:\/\/technoconseil.com\/en\/contact\/","og_site_name":"TechnoConseil","article_publisher":"https:\/\/www.facebook.com\/technoconseil","article_modified_time":"2024-06-12T17:32:09+00:00","og_image":[{"url":"https:\/\/technoconseil.com\/app\/uploads\/2023\/03\/recrutement-avantages-image-2.jpg","type":"","width":"","height":""}],"twitter_card":"summary_large_image","twitter_misc":{"Est. reading time":"1 minute"},"schema":{"@context":"https:\/\/schema.org","@graph":[{"@type":"WebPage","@id":"https:\/\/technoconseil.com\/en\/contact\/","url":"https:\/\/technoconseil.com\/en\/contact\/","name":"Contact - TechnoConseil","isPartOf":{"@id":"https:\/\/technoconseil.com\/en\/#website"},"primaryImageOfPage":{"@id":"https:\/\/technoconseil.com\/en\/contact\/#primaryimage"},"image":{"@id":"https:\/\/technoconseil.com\/en\/contact\/#primaryimage"},"thumbnailUrl":"https:\/\/technoconseil.com\/app\/uploads\/2023\/03\/recrutement-avantages-image-2.jpg","datePublished":"2023-03-07T18:35:45+00:00","dateModified":"2024-06-12T17:32:09+00:00","description":"Contactez-nous, \u00e0 Qu\u00e9bec et \u00e0 Montr\u00e9al !","breadcrumb":{"@id":"https:\/\/technoconseil.com\/en\/contact\/#breadcrumb"},"inLanguage":"en-US","potentialAction":[{"@type":"ReadAction","target":["https:\/\/technoconseil.com\/en\/contact\/"]}]},{"@type":"ImageObject","inLanguage":"en-US","@id":"https:\/\/technoconseil.com\/en\/contact\/#primaryimage","url":"https:\/\/technoconseil.com\/app\/uploads\/2023\/03\/recrutement-avantages-image-2.jpg","contentUrl":"https:\/\/technoconseil.com\/app\/uploads\/2023\/03\/recrutement-avantages-image-2.jpg"},{"@type":"BreadcrumbList","@id":"https:\/\/technoconseil.com\/en\/contact\/#breadcrumb","itemListElement":[{"@type":"ListItem","position":1,"name":"Accueil","item":"https:\/\/technoconseil.com\/en\/"},{"@type":"ListItem","position":2,"name":"Contact"}]},{"@type":"WebSite","@id":"https:\/\/technoconseil.com\/en\/#website","url":"https:\/\/technoconseil.com\/en\/","name":"TechnoConseil","description":"","publisher":{"@id":"https:\/\/technoconseil.com\/en\/#organization"},"potentialAction":[{"@type":"SearchAction","target":{"@type":"EntryPoint","urlTemplate":"https:\/\/technoconseil.com\/en\/?s={search_term_string}"},"query-input":{"@type":"PropertyValueSpecification","valueRequired":true,"valueName":"search_term_string"}}],"inLanguage":"en-US"},{"@type":"Organization","@id":"https:\/\/technoconseil.com\/en\/#organization","name":"TechnoConseil","url":"https:\/\/technoconseil.com\/en\/","logo":{"@type":"ImageObject","inLanguage":"en-US","@id":"https:\/\/technoconseil.com\/en\/#\/schema\/logo\/image\/","url":"https:\/\/technoconseil.com\/app\/uploads\/2023\/03\/techno-conseil-logo.svg","contentUrl":"https:\/\/technoconseil.com\/app\/uploads\/2023\/03\/techno-conseil-logo.svg","width":172,"height":60,"caption":"TechnoConseil"},"image":{"@id":"https:\/\/technoconseil.com\/en\/#\/schema\/logo\/image\/"},"sameAs":["https:\/\/www.facebook.com\/technoconseil","https:\/\/www.linkedin.com\/company\/technoconseil\/"]}]}},"_links":{"self":[{"href":"https:\/\/technoconseil.com\/en\/wp-json\/wp\/v2\/pages\/1783","targetHints":{"allow":["GET"]}}],"collection":[{"href":"https:\/\/technoconseil.com\/en\/wp-json\/wp\/v2\/pages"}],"about":[{"href":"https:\/\/technoconseil.com\/en\/wp-json\/wp\/v2\/types\/page"}],"author":[{"embeddable":true,"href":"https:\/\/technoconseil.com\/en\/wp-json\/wp\/v2\/users\/1"}],"replies":[{"embeddable":true,"href":"https:\/\/technoconseil.com\/en\/wp-json\/wp\/v2\/comments?post=1783"}],"version-history":[{"count":4,"href":"https:\/\/technoconseil.com\/en\/wp-json\/wp\/v2\/pages\/1783\/revisions"}],"predecessor-version":[{"id":1982,"href":"https:\/\/technoconseil.com\/en\/wp-json\/wp\/v2\/pages\/1783\/revisions\/1982"}],"wp:attachment":[{"href":"https:\/\/technoconseil.com\/en\/wp-json\/wp\/v2\/media?parent=1783"}],"curies":[{"name":"wp","href":"https:\/\/api.w.org\/{rel}","templated":true}]}}